{"id":9937,"date":"2023-05-09T02:02:02","date_gmt":"2023-05-09T00:02:02","guid":{"rendered":"https:\/\/kerbex-shop.de\/revocation\/"},"modified":"2023-05-10T12:00:22","modified_gmt":"2023-05-10T10:00:22","slug":"revocation","status":"publish","type":"page","link":"https:\/\/kerbex-shop.de\/en\/revocation\/","title":{"rendered":"Revocation"},"content":{"rendered":"\t\t<div data-elementor-type=\"wp-page\" data-elementor-id=\"9937\" class=\"elementor elementor-9937 elementor-9770\" data-elementor-post-type=\"page\">\n\t\t\t\t\t\t<section class=\"elementor-section elementor-top-section elementor-element elementor-element-aa97eb elementor-section-boxed elementor-section-height-default elementor-section-height-default\" data-id=\"aa97eb\" data-element_type=\"section\" data-e-type=\"section\">\n\t\t\t\t\t\t<div class=\"elementor-container elementor-column-gap-default\">\n\t\t\t\t\t<div class=\"elementor-column elementor-col-100 elementor-top-column elementor-element elementor-element-4e3cc385\" data-id=\"4e3cc385\" data-element_type=\"column\" data-e-type=\"column\">\n\t\t\t<div class=\"elementor-widget-wrap elementor-element-populated\">\n\t\t\t\t\t\t<div class=\"elementor-element elementor-element-5a7b075a elementor-widget elementor-widget-text-editor\" data-id=\"5a7b075a\" data-element_type=\"widget\" data-e-type=\"widget\" data-widget_type=\"text-editor.default\">\n\t\t\t\t<div class=\"elementor-widget-container\">\n\t\t\t\t\t\t\t\t\t<div class=\"\\&quot;post-content\\&quot;\">\n<h3 data-lineheight=\"\\&quot;25\\&quot;\" data-fontsize=\"\\&quot;18\\&quot;\">Auszug aus den AGB<\/h3>\n<p><strong>\u00a7 3 Widerrufsbelehrung\/ Aus\u00fcbung sowie Ausschluss des Widerrufsrechts<\/strong><br \/><strong> Verbrauchern im Sinne des \u00a7 1 Ziffer 3. der AGB steht grunds\u00e4tzlich ein gesetzliches Widerrufsrecht zu. Sie haben das Recht, den Vertrag binnen 14 Tagen ohne Angabe von Gr\u00fcnden zu widerrufen. Der Widerruf erfolgt durch Erkl\u00e4rung gegen\u00fcber der Verk\u00e4uferin.<\/strong><\/p>\n<p><strong>BEGINN DER WIDERRUFSBELEHRUNG<\/strong><br \/>1. Die 14-t\u00e4gige Widerrufsfrist beginnt grds. mit Erhalt der bestellten Ware. Hat der Kunde (Verbraucher) mehrere Waren im Rahmen einer einheitlichen Bestellung bestellt hat und werden die Waren getrennt geliefert, so beginnt die Widerrufsfrist mit Erhalt der letzten Ware. Wird die Ware in mehreren Teilsendungen oder St\u00fccken geliefert, so beginnt die Widerrufsfrist mit Erhalt der letzten Teilsendung oder des letzten St\u00fccks. Ist der Vertrag auf die regelm\u00e4\u00dfige Lieferung von Waren \u00fcber einen festgelegten Zeitraum gerichtet, so beginnt die 14-t\u00e4gige Widerrufsfrist bereits mit Erhalt der ersten Ware.<\/p>\n<p>2. Zur Wahrung der Widerrufsfrist gen\u00fcgt die rechtzeitige Absendung des Widerrufs. Aus der Erkl\u00e4rung muss der Entschluss des Verbrauchers\/ Kunden zum Widerruf des Vertrages eindeutig hervorgehen. Der Widerruf muss jedoch keine Begr\u00fcndung enthalten. Um das Widerrufsrecht auszu\u00fcben, muss der Kunde an die Verk\u00e4uferin<br \/><strong>Andrea Krecklow<\/strong><br \/><strong> Drestedter Weg 45<\/strong><br \/><strong> 21279 Wenzendorf<\/strong><br \/><strong> Mail: info@kerbex.de<\/strong><br \/>mittels einer eindeutigen Erkl\u00e4rung (z.B. mittels postalischem Brief, Telefax oder E-Mail) \u00fcber seinen Entschluss, den Vertrag zu widerrufen, informieren. Ist der Kunde Verbraucher, so gen\u00fcgt auch die rechtzeitige Absendung der Waren an die Verk\u00e4uferin; diese tr\u00e4gt bei Widerruf die Gefahr der R\u00fccksendung der Waren.<\/p>\n<p>3. Im Falle eines wirksamen Widerrufs sind die beiderseits empfangenen Leistungen unverz\u00fcglich, sp\u00e4testens jedoch binnen 14 Tagen nach Eingang des Widerrufs bei der Verk\u00e4uferin, zur\u00fcckzugew\u00e4hren und ggf. gezogene Nutzungen (z.B. Zinsen) herauszugeben. Kann der Kunde die empfangene Leistung ganz oder teilweise nicht oder nur in verschlechtertem Zustand an die Verk\u00e4uferin zur\u00fcckgew\u00e4hren, ist er der Verk\u00e4uferin insoweit ggf. zum Wert-\/ Schadensersatz verpflichtet.<br \/>Die Verk\u00e4uferin muss auch etwaige Zahlungen des Verbrauchers f\u00fcr die Lieferung zur\u00fcckgew\u00e4hren. Dies gilt nicht, soweit dem Verbraucher\/ Kunden zus\u00e4tzliche Kosten entstanden sind, weil er sich f\u00fcr eine andere Art der Lieferung als die von der Verk\u00e4uferin angebotene g\u00fcnstigste Standardlieferung entschieden hat.<\/p>\n<p>F\u00fcr die R\u00fcckzahlung verwendet die Verk\u00e4uferin dasselbe Zahlungsmittel, das zuvor von dem Kunden bei der urspr\u00fcnglichen Transaktion eingesetzt wurde, sofern nicht ausdr\u00fccklich etwas anderes vereinbart worden ist und dem Verbraucher dadurch keine Kosten entstehen.<br \/>Die Verk\u00e4uferin kann die R\u00fcckzahlung verweigern, bis sie die Waren zur\u00fcckerhalten oder der Verbraucher\/ Kunde den Nachweis erbracht hat, dass er die Waren abgesandt hat. Der Verbraucher\/ Kunde tr\u00e4gt die unmittelbaren Kosten der R\u00fccksendung der Waren. Der Kunde muss f\u00fcr einen etwaigen Wertverlust der Waren nur aufkommen, wenn dieser auf einen zur Pr\u00fcfung der Beschaffenheit, Eigenschaften und Funktionsweise der Waren nicht notwendigen Umgang mit ihnen zur\u00fcckzuf\u00fchren ist.<\/p>\n<p>ENDE DER WIDERRUFSBELEHRUNG<\/p>\n<\/div>\n\t\t\t\t\t\t\t\t<\/div>\n\t\t\t\t<\/div>\n\t\t\t\t\t<\/div>\n\t\t<\/div>\n\t\t\t\t\t<\/div>\n\t\t<\/section>\n\t\t\t\t<\/div>\n\t\t","protected":false},"excerpt":{"rendered":"<p>Auszug aus den AGB \u00a7 3 Widerrufsbelehrung\/ Aus\u00fcbung sowie Ausschluss des Widerrufsrechts Verbrauchern im Sinne des \u00a7 1 Ziffer 3. der AGB steht grunds\u00e4tzlich ein gesetzliches Widerrufsrecht zu. Sie haben das Recht, den Vertrag binnen 14 Tagen ohne Angabe von Gr\u00fcnden zu widerrufen. Der Widerruf erfolgt durch Erkl\u00e4rung gegen\u00fcber der Verk\u00e4uferin. BEGINN DER WIDERRUFSBELEHRUNG1. Die [&hellip;]<\/p>\n","protected":false},"author":9100024,"featured_media":0,"parent":0,"menu_order":0,"comment_status":"closed","ping_status":"closed","template":"","meta":{"site-sidebar-layout":"default","site-content-layout":"","ast-site-content-layout":"default","site-content-style":"default","site-sidebar-style":"default","ast-global-header-display":"","ast-banner-title-visibility":"","ast-main-header-display":"","ast-hfb-above-header-display":"","ast-hfb-below-header-display":"","ast-hfb-mobile-header-display":"","site-post-title":"","ast-breadcrumbs-content":"","ast-featured-img":"","footer-sml-layout":"","ast-disable-related-posts":"","theme-transparent-header-meta":"","adv-header-id-meta":"","stick-header-meta":"","header-above-stick-meta":"","header-main-stick-meta":"","header-below-stick-meta":"","astra-migrate-meta-layouts":"default","ast-page-background-enabled":"default","ast-page-background-meta":{"desktop":{"background-color":"","background-image":"","background-repeat":"repeat","background-position":"center center","background-size":"auto","background-attachment":"scroll","background-type":"","background-media":"","overlay-type":"","overlay-color":"","overlay-opacity":"","overlay-gradient":""},"tablet":{"background-color":"","background-image":"","background-repeat":"repeat","background-position":"center center","background-size":"auto","background-attachment":"scroll","background-type":"","background-media":"","overlay-type":"","overlay-color":"","overlay-opacity":"","overlay-gradient":""},"mobile":{"background-color":"","background-image":"","background-repeat":"repeat","background-position":"center center","background-size":"auto","background-attachment":"scroll","background-type":"","background-media":"","overlay-type":"","overlay-color":"","overlay-opacity":"","overlay-gradient":""}},"ast-content-background-meta":{"desktop":{"background-color":"var(--ast-global-color-5)","background-image":"","background-repeat":"repeat","background-position":"center center","background-size":"auto","background-attachment":"scroll","background-type":"","background-media":"","overlay-type":"","overlay-color":"","overlay-opacity":"","overlay-gradient":""},"tablet":{"background-color":"var(--ast-global-color-5)","background-image":"","background-repeat":"repeat","background-position":"center center","background-size":"auto","background-attachment":"scroll","background-type":"","background-media":"","overlay-type":"","overlay-color":"","overlay-opacity":"","overlay-gradient":""},"mobile":{"background-color":"var(--ast-global-color-5)","background-image":"","background-repeat":"repeat","background-position":"center center","background-size":"auto","background-attachment":"scroll","background-type":"","background-media":"","overlay-type":"","overlay-color":"","overlay-opacity":"","overlay-gradient":""}},"footnotes":""},"class_list":["post-9937","page","type-page","status-publish","hentry"],"yoast_head":"<!-- This site is optimized with the Yoast SEO plugin v27.2 - https:\/\/yoast.com\/product\/yoast-seo-wordpress\/ -->\n<title>Revocation - KerbEX Insektenschutz f\u00fcr Pferde<\/title>\n<meta name=\"robots\" content=\"index, follow, max-snippet:-1, max-image-preview:large, max-video-preview:-1\" \/>\n<link rel=\"canonical\" href=\"https:\/\/kerbex-shop.de\/en\/revocation\/\" \/>\n<meta property=\"og:locale\" content=\"en_US\" \/>\n<meta property=\"og:type\" content=\"article\" \/>\n<meta property=\"og:title\" content=\"Revocation - KerbEX Insektenschutz f\u00fcr Pferde\" \/>\n<meta property=\"og:description\" content=\"Auszug aus den AGB \u00a7 3 Widerrufsbelehrung\/ Aus\u00fcbung sowie Ausschluss des Widerrufsrechts Verbrauchern im Sinne des \u00a7 1 Ziffer 3. der AGB steht grunds\u00e4tzlich ein gesetzliches Widerrufsrecht zu. Sie haben das Recht, den Vertrag binnen 14 Tagen ohne Angabe von Gr\u00fcnden zu widerrufen. Der Widerruf erfolgt durch Erkl\u00e4rung gegen\u00fcber der Verk\u00e4uferin. BEGINN DER WIDERRUFSBELEHRUNG1. Die [&hellip;]\" \/>\n<meta property=\"og:url\" content=\"https:\/\/kerbex-shop.de\/en\/revocation\/\" \/>\n<meta property=\"og:site_name\" content=\"KerbEX Insektenschutz f\u00fcr Pferde\" \/>\n<meta property=\"article:modified_time\" content=\"2023-05-10T10:00:22+00:00\" \/>\n<meta name=\"twitter:label1\" content=\"Est. reading time\" \/>\n\t<meta name=\"twitter:data1\" content=\"2 minutes\" \/>\n<script type=\"application\/ld+json\" class=\"yoast-schema-graph\">{\"@context\":\"https:\/\/schema.org\",\"@graph\":[{\"@type\":\"WebPage\",\"@id\":\"https:\/\/kerbex-shop.de\/en\/revocation\/\",\"url\":\"https:\/\/kerbex-shop.de\/en\/revocation\/\",\"name\":\"Revocation - KerbEX Insektenschutz f\u00fcr Pferde\",\"isPartOf\":{\"@id\":\"https:\/\/kerbex-shop.de\/en\/#website\"},\"datePublished\":\"2023-05-09T00:02:02+00:00\",\"dateModified\":\"2023-05-10T10:00:22+00:00\",\"breadcrumb\":{\"@id\":\"https:\/\/kerbex-shop.de\/en\/revocation\/#breadcrumb\"},\"inLanguage\":\"en-US\",\"potentialAction\":[{\"@type\":\"ReadAction\",\"target\":[\"https:\/\/kerbex-shop.de\/en\/revocation\/\"]}]},{\"@type\":\"BreadcrumbList\",\"@id\":\"https:\/\/kerbex-shop.de\/en\/revocation\/#breadcrumb\",\"itemListElement\":[{\"@type\":\"ListItem\",\"position\":1,\"name\":\"Home\",\"item\":\"https:\/\/kerbex-shop.de\/en\/\"},{\"@type\":\"ListItem\",\"position\":2,\"name\":\"Revocation\"}]},{\"@type\":\"WebSite\",\"@id\":\"https:\/\/kerbex-shop.de\/en\/#website\",\"url\":\"https:\/\/kerbex-shop.de\/en\/\",\"name\":\"KerbEX Insektenschutz f\u00fcr Pferde\",\"description\":\"\",\"potentialAction\":[{\"@type\":\"SearchAction\",\"target\":{\"@type\":\"EntryPoint\",\"urlTemplate\":\"https:\/\/kerbex-shop.de\/en\/?s={search_term_string}\"},\"query-input\":{\"@type\":\"PropertyValueSpecification\",\"valueRequired\":true,\"valueName\":\"search_term_string\"}}],\"inLanguage\":\"en-US\"}]}<\/script>\n<!-- \/ Yoast SEO plugin. -->","yoast_head_json":{"title":"Revocation - KerbEX Insektenschutz f\u00fcr Pferde","robots":{"index":"index","follow":"follow","max-snippet":"max-snippet:-1","max-image-preview":"max-image-preview:large","max-video-preview":"max-video-preview:-1"},"canonical":"https:\/\/kerbex-shop.de\/en\/revocation\/","og_locale":"en_US","og_type":"article","og_title":"Revocation - KerbEX Insektenschutz f\u00fcr Pferde","og_description":"Auszug aus den AGB \u00a7 3 Widerrufsbelehrung\/ Aus\u00fcbung sowie Ausschluss des Widerrufsrechts Verbrauchern im Sinne des \u00a7 1 Ziffer 3. der AGB steht grunds\u00e4tzlich ein gesetzliches Widerrufsrecht zu. Sie haben das Recht, den Vertrag binnen 14 Tagen ohne Angabe von Gr\u00fcnden zu widerrufen. Der Widerruf erfolgt durch Erkl\u00e4rung gegen\u00fcber der Verk\u00e4uferin. BEGINN DER WIDERRUFSBELEHRUNG1. Die [&hellip;]","og_url":"https:\/\/kerbex-shop.de\/en\/revocation\/","og_site_name":"KerbEX Insektenschutz f\u00fcr Pferde","article_modified_time":"2023-05-10T10:00:22+00:00","twitter_misc":{"Est. reading time":"2 minutes"},"schema":{"@context":"https:\/\/schema.org","@graph":[{"@type":"WebPage","@id":"https:\/\/kerbex-shop.de\/en\/revocation\/","url":"https:\/\/kerbex-shop.de\/en\/revocation\/","name":"Revocation - KerbEX Insektenschutz f\u00fcr Pferde","isPartOf":{"@id":"https:\/\/kerbex-shop.de\/en\/#website"},"datePublished":"2023-05-09T00:02:02+00:00","dateModified":"2023-05-10T10:00:22+00:00","breadcrumb":{"@id":"https:\/\/kerbex-shop.de\/en\/revocation\/#breadcrumb"},"inLanguage":"en-US","potentialAction":[{"@type":"ReadAction","target":["https:\/\/kerbex-shop.de\/en\/revocation\/"]}]},{"@type":"BreadcrumbList","@id":"https:\/\/kerbex-shop.de\/en\/revocation\/#breadcrumb","itemListElement":[{"@type":"ListItem","position":1,"name":"Home","item":"https:\/\/kerbex-shop.de\/en\/"},{"@type":"ListItem","position":2,"name":"Revocation"}]},{"@type":"WebSite","@id":"https:\/\/kerbex-shop.de\/en\/#website","url":"https:\/\/kerbex-shop.de\/en\/","name":"KerbEX Insektenschutz f\u00fcr Pferde","description":"","potentialAction":[{"@type":"SearchAction","target":{"@type":"EntryPoint","urlTemplate":"https:\/\/kerbex-shop.de\/en\/?s={search_term_string}"},"query-input":{"@type":"PropertyValueSpecification","valueRequired":true,"valueName":"search_term_string"}}],"inLanguage":"en-US"}]}},"_links":{"self":[{"href":"https:\/\/kerbex-shop.de\/en\/wp-json\/wp\/v2\/pages\/9937","targetHints":{"allow":["GET"]}}],"collection":[{"href":"https:\/\/kerbex-shop.de\/en\/wp-json\/wp\/v2\/pages"}],"about":[{"href":"https:\/\/kerbex-shop.de\/en\/wp-json\/wp\/v2\/types\/page"}],"author":[{"embeddable":true,"href":"https:\/\/kerbex-shop.de\/en\/wp-json\/wp\/v2\/users\/9100024"}],"replies":[{"embeddable":true,"href":"https:\/\/kerbex-shop.de\/en\/wp-json\/wp\/v2\/comments?post=9937"}],"version-history":[{"count":0,"href":"https:\/\/kerbex-shop.de\/en\/wp-json\/wp\/v2\/pages\/9937\/revisions"}],"wp:attachment":[{"href":"https:\/\/kerbex-shop.de\/en\/wp-json\/wp\/v2\/media?parent=9937"}],"curies":[{"name":"wp","href":"https:\/\/api.w.org\/{rel}","templated":true}]}}