{"id":3662,"date":"2021-12-20T16:44:05","date_gmt":"2021-12-20T15:44:05","guid":{"rendered":"https:\/\/kerbex-shop.de\/shop-insect-protection-for-horses\/spray-head-for-kerbex-1l-bottled\/"},"modified":"2023-05-10T12:00:44","modified_gmt":"2023-05-10T10:00:44","slug":"spray-head-for-kerbex-1l-bottled","status":"publish","type":"product","link":"https:\/\/kerbex-shop.de\/en\/shop-insect-protection-for-horses\/spray-head-for-kerbex-1l-bottled\/","title":{"rendered":"Spray head for KerbEX 1L bottled"},"content":{"rendered":"","protected":false},"excerpt":{"rendered":"<p><span id=\"result_box\" class=\"short_text\" lang=\"en\"><span class=\"hps\">Spray head<\/span> <span class=\"hps\">&#8211; Suitable for<\/span> K<span class=\"hps\">erbEX<\/span> <span class=\"hps\">1 liter<\/span> <span class=\"hps\">bottles<\/span><\/span> (KerbEX red, KerbEX blue und KerbEX green)<\/p>\n","protected":false},"featured_media":4110,"template":"","meta":{"site-sidebar-layout":"default","site-content-layout":"default","ast-site-content-layout":"default","site-content-style":"default","site-sidebar-style":"default","ast-global-header-display":"","ast-banner-title-visibility":"","ast-main-header-display":"","ast-hfb-above-header-display":"","ast-hfb-below-header-display":"","ast-hfb-mobile-header-display":"","site-post-title":"","ast-breadcrumbs-content":"","ast-featured-img":"","footer-sml-layout":"","ast-disable-related-posts":"","theme-transparent-header-meta":"default","adv-header-id-meta":"","stick-header-meta":"","header-above-stick-meta":"","header-main-stick-meta":"","header-below-stick-meta":"","astra-migrate-meta-layouts":"default","ast-page-background-enabled":"default","ast-page-background-meta":{"desktop":{"background-color":"","background-image":"","background-repeat":"repeat","background-position":"center center","background-size":"auto","background-attachment":"scroll","background-type":"","background-media":"","overlay-type":"","overlay-color":"","overlay-opacity":"","overlay-gradient":""},"tablet":{"background-color":"","background-image":"","background-repeat":"repeat","background-position":"center center","background-size":"auto","background-attachment":"scroll","background-type":"","background-media":"","overlay-type":"","overlay-color":"","overlay-opacity":"","overlay-gradient":""},"mobile":{"background-color":"","background-image":"","background-repeat":"repeat","background-position":"center center","background-size":"auto","background-attachment":"scroll","background-type":"","background-media":"","overlay-type":"","overlay-color":"","overlay-opacity":"","overlay-gradient":""}},"ast-content-background-meta":{"desktop":{"background-color":"var(--ast-global-color-5)","background-image":"","background-repeat":"repeat","background-position":"center center","background-size":"auto","background-attachment":"scroll","background-type":"","background-media":"","overlay-type":"","overlay-color":"","overlay-opacity":"","overlay-gradient":""},"tablet":{"background-color":"var(--ast-global-color-5)","background-image":"","background-repeat":"repeat","background-position":"center center","background-size":"auto","background-attachment":"scroll","background-type":"","background-media":"","overlay-type":"","overlay-color":"","overlay-opacity":"","overlay-gradient":""},"mobile":{"background-color":"var(--ast-global-color-5)","background-image":"","background-repeat":"repeat","background-position":"center center","background-size":"auto","background-attachment":"scroll","background-type":"","background-media":"","overlay-type":"","overlay-color":"","overlay-opacity":"","overlay-gradient":""}}},"product_brand":[],"product_cat":[71],"product_tag":[],"class_list":{"0":"post-3662","1":"product","2":"type-product","3":"status-publish","4":"has-post-thumbnail","6":"product_cat-uncategorized","7":"desktop-align-left","8":"tablet-align-center","9":"mobile-align-center","10":"ast-product-gallery-layout-horizontal","11":"ast-product-gallery-with-no-image","12":"ast-product-tabs-layout-vertical","13":"ast-qv-on-image","15":"first","16":"instock","17":"taxable","18":"shipping-taxable","19":"purchasable","20":"product-type-simple"},"yoast_head":"<!-- This site is optimized with the Yoast SEO plugin v27.2 - https:\/\/yoast.com\/product\/yoast-seo-wordpress\/ -->\n<title>Spray head - Insect protection for horses<\/title>\n<meta name=\"description\" content=\"Spray head - Suitable for KerbEX 1 liter bottles\" \/>\n<meta name=\"robots\" content=\"index, follow, max-snippet:-1, max-image-preview:large, max-video-preview:-1\" \/>\n<link rel=\"canonical\" href=\"https:\/\/kerbex-shop.de\/en\/shop-insect-protection-for-horses\/spray-head-for-kerbex-1l-bottled\/\" \/>\n<meta property=\"og:locale\" content=\"en_US\" \/>\n<meta property=\"og:type\" content=\"article\" \/>\n<meta property=\"og:title\" content=\"Spray head - Insect protection for horses\" \/>\n<meta property=\"og:description\" content=\"Spray head - Suitable for KerbEX 1 liter bottles\" \/>\n<meta property=\"og:url\" content=\"https:\/\/kerbex-shop.de\/en\/shop-insect-protection-for-horses\/spray-head-for-kerbex-1l-bottled\/\" \/>\n<meta property=\"og:site_name\" content=\"KerbEX Insektenschutz f\u00fcr Pferde\" \/>\n<meta property=\"article:modified_time\" content=\"2023-05-10T10:00:44+00:00\" \/>\n<meta property=\"og:image\" content=\"https:\/\/kerbex-shop.de\/wp-content\/uploads\/2015\/04\/insektenschutz-pferd-spruehkopf.jpg\" \/>\n\t<meta property=\"og:image:width\" content=\"400\" \/>\n\t<meta property=\"og:image:height\" content=\"400\" \/>\n\t<meta property=\"og:image:type\" content=\"image\/jpeg\" \/>\n<script type=\"application\/ld+json\" class=\"yoast-schema-graph\">{\"@context\":\"https:\/\/schema.org\",\"@graph\":[{\"@type\":\"WebPage\",\"@id\":\"https:\/\/kerbex-shop.de\/en\/shop-insect-protection-for-horses\/spray-head-for-kerbex-1l-bottled\/\",\"url\":\"https:\/\/kerbex-shop.de\/en\/shop-insect-protection-for-horses\/spray-head-for-kerbex-1l-bottled\/\",\"name\":\"Spray head - Insect protection for horses\",\"isPartOf\":{\"@id\":\"https:\/\/kerbex-shop.de\/en\/#website\"},\"primaryImageOfPage\":{\"@id\":\"https:\/\/kerbex-shop.de\/en\/shop-insect-protection-for-horses\/spray-head-for-kerbex-1l-bottled\/#primaryimage\"},\"image\":{\"@id\":\"https:\/\/kerbex-shop.de\/en\/shop-insect-protection-for-horses\/spray-head-for-kerbex-1l-bottled\/#primaryimage\"},\"thumbnailUrl\":\"https:\/\/kerbex-shop.de\/wp-content\/uploads\/2015\/04\/insektenschutz-pferd-spruehkopf.jpg\",\"datePublished\":\"2021-12-20T15:44:05+00:00\",\"dateModified\":\"2023-05-10T10:00:44+00:00\",\"description\":\"Spray head - Suitable for KerbEX 1 liter bottles\",\"breadcrumb\":{\"@id\":\"https:\/\/kerbex-shop.de\/en\/shop-insect-protection-for-horses\/spray-head-for-kerbex-1l-bottled\/#breadcrumb\"},\"inLanguage\":\"en-US\",\"potentialAction\":[{\"@type\":\"ReadAction\",\"target\":[\"https:\/\/kerbex-shop.de\/en\/shop-insect-protection-for-horses\/spray-head-for-kerbex-1l-bottled\/\"]}]},{\"@type\":\"ImageObject\",\"inLanguage\":\"en-US\",\"@id\":\"https:\/\/kerbex-shop.de\/en\/shop-insect-protection-for-horses\/spray-head-for-kerbex-1l-bottled\/#primaryimage\",\"url\":\"https:\/\/kerbex-shop.de\/wp-content\/uploads\/2015\/04\/insektenschutz-pferd-spruehkopf.jpg\",\"contentUrl\":\"https:\/\/kerbex-shop.de\/wp-content\/uploads\/2015\/04\/insektenschutz-pferd-spruehkopf.jpg\",\"width\":400,\"height\":400,\"caption\":\"Spr\u00fchkopf f\u00fcr Kerbex. Pferde - Insektenschutzmittel f\u00fcr Pferde. Gegen alle beissende Insekten wie Kerbelm\u00fccke, Bremse, Pferdebremse, Zecken. Kerbex, ein Produkt der L\u00fcnepferd GmbH\"},{\"@type\":\"BreadcrumbList\",\"@id\":\"https:\/\/kerbex-shop.de\/en\/shop-insect-protection-for-horses\/spray-head-for-kerbex-1l-bottled\/#breadcrumb\",\"itemListElement\":[{\"@type\":\"ListItem\",\"position\":1,\"name\":\"Home\",\"item\":\"https:\/\/kerbex-shop.de\/en\/\"},{\"@type\":\"ListItem\",\"position\":2,\"name\":\"Shop\",\"item\":\"https:\/\/kerbex-shop.de\/en\/shop\/\"},{\"@type\":\"ListItem\",\"position\":3,\"name\":\"Spray head for KerbEX 1L bottled\"}]},{\"@type\":\"WebSite\",\"@id\":\"https:\/\/kerbex-shop.de\/en\/#website\",\"url\":\"https:\/\/kerbex-shop.de\/en\/\",\"name\":\"KerbEX Insektenschutz f\u00fcr Pferde\",\"description\":\"\",\"potentialAction\":[{\"@type\":\"SearchAction\",\"target\":{\"@type\":\"EntryPoint\",\"urlTemplate\":\"https:\/\/kerbex-shop.de\/en\/?s={search_term_string}\"},\"query-input\":{\"@type\":\"PropertyValueSpecification\",\"valueRequired\":true,\"valueName\":\"search_term_string\"}}],\"inLanguage\":\"en-US\"}]}<\/script>\n<!-- \/ Yoast SEO plugin. -->","yoast_head_json":{"title":"Spray head - Insect protection for horses","description":"Spray head - Suitable for KerbEX 1 liter bottles","robots":{"index":"index","follow":"follow","max-snippet":"max-snippet:-1","max-image-preview":"max-image-preview:large","max-video-preview":"max-video-preview:-1"},"canonical":"https:\/\/kerbex-shop.de\/en\/shop-insect-protection-for-horses\/spray-head-for-kerbex-1l-bottled\/","og_locale":"en_US","og_type":"article","og_title":"Spray head - Insect protection for horses","og_description":"Spray head - Suitable for KerbEX 1 liter bottles","og_url":"https:\/\/kerbex-shop.de\/en\/shop-insect-protection-for-horses\/spray-head-for-kerbex-1l-bottled\/","og_site_name":"KerbEX Insektenschutz f\u00fcr Pferde","article_modified_time":"2023-05-10T10:00:44+00:00","og_image":[{"width":400,"height":400,"url":"https:\/\/kerbex-shop.de\/wp-content\/uploads\/2015\/04\/insektenschutz-pferd-spruehkopf.jpg","type":"image\/jpeg"}],"schema":{"@context":"https:\/\/schema.org","@graph":[{"@type":"WebPage","@id":"https:\/\/kerbex-shop.de\/en\/shop-insect-protection-for-horses\/spray-head-for-kerbex-1l-bottled\/","url":"https:\/\/kerbex-shop.de\/en\/shop-insect-protection-for-horses\/spray-head-for-kerbex-1l-bottled\/","name":"Spray head - Insect protection for horses","isPartOf":{"@id":"https:\/\/kerbex-shop.de\/en\/#website"},"primaryImageOfPage":{"@id":"https:\/\/kerbex-shop.de\/en\/shop-insect-protection-for-horses\/spray-head-for-kerbex-1l-bottled\/#primaryimage"},"image":{"@id":"https:\/\/kerbex-shop.de\/en\/shop-insect-protection-for-horses\/spray-head-for-kerbex-1l-bottled\/#primaryimage"},"thumbnailUrl":"https:\/\/kerbex-shop.de\/wp-content\/uploads\/2015\/04\/insektenschutz-pferd-spruehkopf.jpg","datePublished":"2021-12-20T15:44:05+00:00","dateModified":"2023-05-10T10:00:44+00:00","description":"Spray head - Suitable for KerbEX 1 liter bottles","breadcrumb":{"@id":"https:\/\/kerbex-shop.de\/en\/shop-insect-protection-for-horses\/spray-head-for-kerbex-1l-bottled\/#breadcrumb"},"inLanguage":"en-US","potentialAction":[{"@type":"ReadAction","target":["https:\/\/kerbex-shop.de\/en\/shop-insect-protection-for-horses\/spray-head-for-kerbex-1l-bottled\/"]}]},{"@type":"ImageObject","inLanguage":"en-US","@id":"https:\/\/kerbex-shop.de\/en\/shop-insect-protection-for-horses\/spray-head-for-kerbex-1l-bottled\/#primaryimage","url":"https:\/\/kerbex-shop.de\/wp-content\/uploads\/2015\/04\/insektenschutz-pferd-spruehkopf.jpg","contentUrl":"https:\/\/kerbex-shop.de\/wp-content\/uploads\/2015\/04\/insektenschutz-pferd-spruehkopf.jpg","width":400,"height":400,"caption":"Spr\u00fchkopf f\u00fcr Kerbex. Pferde - Insektenschutzmittel f\u00fcr Pferde. Gegen alle beissende Insekten wie Kerbelm\u00fccke, Bremse, Pferdebremse, Zecken. Kerbex, ein Produkt der L\u00fcnepferd GmbH"},{"@type":"BreadcrumbList","@id":"https:\/\/kerbex-shop.de\/en\/shop-insect-protection-for-horses\/spray-head-for-kerbex-1l-bottled\/#breadcrumb","itemListElement":[{"@type":"ListItem","position":1,"name":"Home","item":"https:\/\/kerbex-shop.de\/en\/"},{"@type":"ListItem","position":2,"name":"Shop","item":"https:\/\/kerbex-shop.de\/en\/shop\/"},{"@type":"ListItem","position":3,"name":"Spray head for KerbEX 1L bottled"}]},{"@type":"WebSite","@id":"https:\/\/kerbex-shop.de\/en\/#website","url":"https:\/\/kerbex-shop.de\/en\/","name":"KerbEX Insektenschutz f\u00fcr Pferde","description":"","potentialAction":[{"@type":"SearchAction","target":{"@type":"EntryPoint","urlTemplate":"https:\/\/kerbex-shop.de\/en\/?s={search_term_string}"},"query-input":{"@type":"PropertyValueSpecification","valueRequired":true,"valueName":"search_term_string"}}],"inLanguage":"en-US"}]}},"_links":{"self":[{"href":"https:\/\/kerbex-shop.de\/en\/wp-json\/wp\/v2\/product\/3662","targetHints":{"allow":["GET"]}}],"collection":[{"href":"https:\/\/kerbex-shop.de\/en\/wp-json\/wp\/v2\/product"}],"about":[{"href":"https:\/\/kerbex-shop.de\/en\/wp-json\/wp\/v2\/types\/product"}],"wp:featuredmedia":[{"embeddable":true,"href":"https:\/\/kerbex-shop.de\/en\/wp-json\/wp\/v2\/media\/4110"}],"wp:attachment":[{"href":"https:\/\/kerbex-shop.de\/en\/wp-json\/wp\/v2\/media?parent=3662"}],"wp:term":[{"taxonomy":"product_brand","embeddable":true,"href":"https:\/\/kerbex-shop.de\/en\/wp-json\/wp\/v2\/product_brand?post=3662"},{"taxonomy":"product_cat","embeddable":true,"href":"https:\/\/kerbex-shop.de\/en\/wp-json\/wp\/v2\/product_cat?post=3662"},{"taxonomy":"product_tag","embeddable":true,"href":"https:\/\/kerbex-shop.de\/en\/wp-json\/wp\/v2\/product_tag?post=3662"}],"curies":[{"name":"wp","href":"https:\/\/api.w.org\/{rel}","templated":true}]}}