{"id":4029,"date":"2013-02-05T15:45:51","date_gmt":"2013-02-05T14:45:51","guid":{"rendered":"https:\/\/kerbex-shop.de\/shop-insect-protection-for-horses\/huf-pick-hufauskratzer-2\/"},"modified":"2023-05-10T12:00:46","modified_gmt":"2023-05-10T10:00:46","slug":"huf-pick-hufauskratzer","status":"publish","type":"product","link":"https:\/\/kerbex-shop.de\/en\/shop-insect-protection-for-horses\/huf-pick-hufauskratzer\/","title":{"rendered":"Hoof Pick"},"content":{"rendered":"","protected":false},"excerpt":{"rendered":"<p style=\"text-align: justify;\"><span id=\"result_box\" class=\"\" lang=\"en\"><span class=\"hps\">Easy<\/span> <span class=\"hps\">hoof pick<\/span>, which <span class=\"hps\">should be in every<\/span> <span class=\"hps\">flush-mounting box<\/span>. <span class=\"hps\">With sturdy<\/span> <span class=\"hps\">metal<\/span> <span class=\"hps\">pick<\/span> <span class=\"hps\">and<\/span> <span class=\"hps\">integrated<\/span> <span class=\"hps\">Hoof<\/span>.<br \/>\n<span class=\"hps\">In addition to the<\/span> <span class=\"hps\">range of<\/span> <span class=\"hps\">great colors<\/span>, <span class=\"hps\">the hoof<\/span> <span class=\"hps\">pick<\/span> <span class=\"hps\">convinces with its top<\/span> <span class=\"hps\">price<\/span><span class=\"atn\">&#8211;<\/span><span class=\"\">performance ratio<\/span><span class=\"\">.<\/span><\/span><\/p>\n","protected":false},"featured_media":4016,"template":"","meta":{"site-sidebar-layout":"default","site-content-layout":"default","ast-site-content-layout":"default","site-content-style":"default","site-sidebar-style":"default","ast-global-header-display":"","ast-banner-title-visibility":"","ast-main-header-display":"","ast-hfb-above-header-display":"","ast-hfb-below-header-display":"","ast-hfb-mobile-header-display":"","site-post-title":"","ast-breadcrumbs-content":"","ast-featured-img":"","footer-sml-layout":"","ast-disable-related-posts":"","theme-transparent-header-meta":"default","adv-header-id-meta":"","stick-header-meta":"","header-above-stick-meta":"","header-main-stick-meta":"","header-below-stick-meta":"","astra-migrate-meta-layouts":"default","ast-page-background-enabled":"default","ast-page-background-meta":{"desktop":{"background-color":"","background-image":"","background-repeat":"repeat","background-position":"center center","background-size":"auto","background-attachment":"scroll","background-type":"","background-media":"","overlay-type":"","overlay-color":"","overlay-opacity":"","overlay-gradient":""},"tablet":{"background-color":"","background-image":"","background-repeat":"repeat","background-position":"center center","background-size":"auto","background-attachment":"scroll","background-type":"","background-media":"","overlay-type":"","overlay-color":"","overlay-opacity":"","overlay-gradient":""},"mobile":{"background-color":"","background-image":"","background-repeat":"repeat","background-position":"center center","background-size":"auto","background-attachment":"scroll","background-type":"","background-media":"","overlay-type":"","overlay-color":"","overlay-opacity":"","overlay-gradient":""}},"ast-content-background-meta":{"desktop":{"background-color":"var(--ast-global-color-5)","background-image":"","background-repeat":"repeat","background-position":"center center","background-size":"auto","background-attachment":"scroll","background-type":"","background-media":"","overlay-type":"","overlay-color":"","overlay-opacity":"","overlay-gradient":""},"tablet":{"background-color":"var(--ast-global-color-5)","background-image":"","background-repeat":"repeat","background-position":"center center","background-size":"auto","background-attachment":"scroll","background-type":"","background-media":"","overlay-type":"","overlay-color":"","overlay-opacity":"","overlay-gradient":""},"mobile":{"background-color":"var(--ast-global-color-5)","background-image":"","background-repeat":"repeat","background-position":"center center","background-size":"auto","background-attachment":"scroll","background-type":"","background-media":"","overlay-type":"","overlay-color":"","overlay-opacity":"","overlay-gradient":""}}},"product_brand":[],"product_cat":[47],"product_tag":[],"class_list":{"0":"post-4029","1":"product","2":"type-product","3":"status-publish","4":"has-post-thumbnail","6":"product_cat-horse-care","7":"desktop-align-left","8":"tablet-align-center","9":"mobile-align-center","10":"ast-product-gallery-layout-horizontal","11":"ast-product-single-variable","12":"ast-product-tabs-layout-vertical","13":"ast-qv-on-image","15":"first","16":"outofstock","17":"sale","18":"taxable","19":"shipping-taxable","20":"purchasable","21":"product-type-variable"},"yoast_head":"<!-- This site is optimized with the Yoast SEO plugin v27.2 - https:\/\/yoast.com\/product\/yoast-seo-wordpress\/ -->\n<title>Hufpflege - Huf-Pick \/ Hufauskratzer mit B\u00fcrste | L\u00fcnepferd<\/title>\n<meta name=\"description\" content=\"Einfacher Hufauskratzer, der in keinem Pferde-Putzkasten fehlen sollte. Mit stabilem Metall-Pick und integrierter Hufb\u00fcrste. Neben der Auswahl an tollen Farben, \u00fcberzeugt der Huf-Pick durch ein top Preis-Leistungs-Verh\u00e4ltnis.\" \/>\n<meta name=\"robots\" content=\"index, follow, max-snippet:-1, max-image-preview:large, max-video-preview:-1\" \/>\n<link rel=\"canonical\" href=\"https:\/\/kerbex-shop.de\/en\/shop-insect-protection-for-horses\/huf-pick-hufauskratzer\/\" \/>\n<meta property=\"og:locale\" content=\"en_US\" \/>\n<meta property=\"og:type\" content=\"article\" \/>\n<meta property=\"og:title\" content=\"Hufpflege - Huf-Pick \/ Hufauskratzer mit B\u00fcrste | L\u00fcnepferd\" \/>\n<meta property=\"og:description\" content=\"Einfacher Hufauskratzer, der in keinem Pferde-Putzkasten fehlen sollte. Mit stabilem Metall-Pick und integrierter Hufb\u00fcrste. Neben der Auswahl an tollen Farben, \u00fcberzeugt der Huf-Pick durch ein top Preis-Leistungs-Verh\u00e4ltnis.\" \/>\n<meta property=\"og:url\" content=\"https:\/\/kerbex-shop.de\/en\/shop-insect-protection-for-horses\/huf-pick-hufauskratzer\/\" \/>\n<meta property=\"og:site_name\" content=\"KerbEX Insektenschutz f\u00fcr Pferde\" \/>\n<meta property=\"article:modified_time\" content=\"2023-05-10T10:00:46+00:00\" \/>\n<meta property=\"og:image\" content=\"https:\/\/kerbex-shop.de\/wp-content\/uploads\/2015\/05\/Hufpick-uebersicht.jpg\" \/>\n\t<meta property=\"og:image:width\" content=\"500\" \/>\n\t<meta property=\"og:image:height\" content=\"500\" \/>\n\t<meta property=\"og:image:type\" content=\"image\/jpeg\" \/>\n<script type=\"application\/ld+json\" class=\"yoast-schema-graph\">{\"@context\":\"https:\/\/schema.org\",\"@graph\":[{\"@type\":\"WebPage\",\"@id\":\"https:\/\/kerbex-shop.de\/en\/shop-insect-protection-for-horses\/huf-pick-hufauskratzer\/\",\"url\":\"https:\/\/kerbex-shop.de\/en\/shop-insect-protection-for-horses\/huf-pick-hufauskratzer\/\",\"name\":\"Hufpflege - Huf-Pick \/ Hufauskratzer mit B\u00fcrste | L\u00fcnepferd\",\"isPartOf\":{\"@id\":\"https:\/\/kerbex-shop.de\/en\/#website\"},\"primaryImageOfPage\":{\"@id\":\"https:\/\/kerbex-shop.de\/en\/shop-insect-protection-for-horses\/huf-pick-hufauskratzer\/#primaryimage\"},\"image\":{\"@id\":\"https:\/\/kerbex-shop.de\/en\/shop-insect-protection-for-horses\/huf-pick-hufauskratzer\/#primaryimage\"},\"thumbnailUrl\":\"https:\/\/kerbex-shop.de\/wp-content\/uploads\/2015\/05\/Hufpick-uebersicht.jpg\",\"datePublished\":\"2013-02-05T14:45:51+00:00\",\"dateModified\":\"2023-05-10T10:00:46+00:00\",\"description\":\"Einfacher Hufauskratzer, der in keinem Pferde-Putzkasten fehlen sollte. Mit stabilem Metall-Pick und integrierter Hufb\u00fcrste. Neben der Auswahl an tollen Farben, \u00fcberzeugt der Huf-Pick durch ein top Preis-Leistungs-Verh\u00e4ltnis.\",\"breadcrumb\":{\"@id\":\"https:\/\/kerbex-shop.de\/en\/shop-insect-protection-for-horses\/huf-pick-hufauskratzer\/#breadcrumb\"},\"inLanguage\":\"en-US\",\"potentialAction\":[{\"@type\":\"ReadAction\",\"target\":[\"https:\/\/kerbex-shop.de\/en\/shop-insect-protection-for-horses\/huf-pick-hufauskratzer\/\"]}]},{\"@type\":\"ImageObject\",\"inLanguage\":\"en-US\",\"@id\":\"https:\/\/kerbex-shop.de\/en\/shop-insect-protection-for-horses\/huf-pick-hufauskratzer\/#primaryimage\",\"url\":\"https:\/\/kerbex-shop.de\/wp-content\/uploads\/2015\/05\/Hufpick-uebersicht.jpg\",\"contentUrl\":\"https:\/\/kerbex-shop.de\/wp-content\/uploads\/2015\/05\/Hufpick-uebersicht.jpg\",\"width\":500,\"height\":500,\"caption\":\"Hufauskratzer f\u00fcr Pferde - Pferdepflege- Hufpflege, Hufpicks. Ein Produkt der L\u00fcnepferd GmbH\"},{\"@type\":\"BreadcrumbList\",\"@id\":\"https:\/\/kerbex-shop.de\/en\/shop-insect-protection-for-horses\/huf-pick-hufauskratzer\/#breadcrumb\",\"itemListElement\":[{\"@type\":\"ListItem\",\"position\":1,\"name\":\"Home\",\"item\":\"https:\/\/kerbex-shop.de\/en\/\"},{\"@type\":\"ListItem\",\"position\":2,\"name\":\"Shop\",\"item\":\"https:\/\/kerbex-shop.de\/en\/shop\/\"},{\"@type\":\"ListItem\",\"position\":3,\"name\":\"Hoof Pick\"}]},{\"@type\":\"WebSite\",\"@id\":\"https:\/\/kerbex-shop.de\/en\/#website\",\"url\":\"https:\/\/kerbex-shop.de\/en\/\",\"name\":\"KerbEX Insektenschutz f\u00fcr Pferde\",\"description\":\"\",\"potentialAction\":[{\"@type\":\"SearchAction\",\"target\":{\"@type\":\"EntryPoint\",\"urlTemplate\":\"https:\/\/kerbex-shop.de\/en\/?s={search_term_string}\"},\"query-input\":{\"@type\":\"PropertyValueSpecification\",\"valueRequired\":true,\"valueName\":\"search_term_string\"}}],\"inLanguage\":\"en-US\"}]}<\/script>\n<!-- \/ Yoast SEO plugin. -->","yoast_head_json":{"title":"Hufpflege - Huf-Pick \/ Hufauskratzer mit B\u00fcrste | L\u00fcnepferd","description":"Einfacher Hufauskratzer, der in keinem Pferde-Putzkasten fehlen sollte. Mit stabilem Metall-Pick und integrierter Hufb\u00fcrste. Neben der Auswahl an tollen Farben, \u00fcberzeugt der Huf-Pick durch ein top Preis-Leistungs-Verh\u00e4ltnis.","robots":{"index":"index","follow":"follow","max-snippet":"max-snippet:-1","max-image-preview":"max-image-preview:large","max-video-preview":"max-video-preview:-1"},"canonical":"https:\/\/kerbex-shop.de\/en\/shop-insect-protection-for-horses\/huf-pick-hufauskratzer\/","og_locale":"en_US","og_type":"article","og_title":"Hufpflege - Huf-Pick \/ Hufauskratzer mit B\u00fcrste | L\u00fcnepferd","og_description":"Einfacher Hufauskratzer, der in keinem Pferde-Putzkasten fehlen sollte. Mit stabilem Metall-Pick und integrierter Hufb\u00fcrste. Neben der Auswahl an tollen Farben, \u00fcberzeugt der Huf-Pick durch ein top Preis-Leistungs-Verh\u00e4ltnis.","og_url":"https:\/\/kerbex-shop.de\/en\/shop-insect-protection-for-horses\/huf-pick-hufauskratzer\/","og_site_name":"KerbEX Insektenschutz f\u00fcr Pferde","article_modified_time":"2023-05-10T10:00:46+00:00","og_image":[{"width":500,"height":500,"url":"https:\/\/kerbex-shop.de\/wp-content\/uploads\/2015\/05\/Hufpick-uebersicht.jpg","type":"image\/jpeg"}],"schema":{"@context":"https:\/\/schema.org","@graph":[{"@type":"WebPage","@id":"https:\/\/kerbex-shop.de\/en\/shop-insect-protection-for-horses\/huf-pick-hufauskratzer\/","url":"https:\/\/kerbex-shop.de\/en\/shop-insect-protection-for-horses\/huf-pick-hufauskratzer\/","name":"Hufpflege - Huf-Pick \/ Hufauskratzer mit B\u00fcrste | L\u00fcnepferd","isPartOf":{"@id":"https:\/\/kerbex-shop.de\/en\/#website"},"primaryImageOfPage":{"@id":"https:\/\/kerbex-shop.de\/en\/shop-insect-protection-for-horses\/huf-pick-hufauskratzer\/#primaryimage"},"image":{"@id":"https:\/\/kerbex-shop.de\/en\/shop-insect-protection-for-horses\/huf-pick-hufauskratzer\/#primaryimage"},"thumbnailUrl":"https:\/\/kerbex-shop.de\/wp-content\/uploads\/2015\/05\/Hufpick-uebersicht.jpg","datePublished":"2013-02-05T14:45:51+00:00","dateModified":"2023-05-10T10:00:46+00:00","description":"Einfacher Hufauskratzer, der in keinem Pferde-Putzkasten fehlen sollte. Mit stabilem Metall-Pick und integrierter Hufb\u00fcrste. Neben der Auswahl an tollen Farben, \u00fcberzeugt der Huf-Pick durch ein top Preis-Leistungs-Verh\u00e4ltnis.","breadcrumb":{"@id":"https:\/\/kerbex-shop.de\/en\/shop-insect-protection-for-horses\/huf-pick-hufauskratzer\/#breadcrumb"},"inLanguage":"en-US","potentialAction":[{"@type":"ReadAction","target":["https:\/\/kerbex-shop.de\/en\/shop-insect-protection-for-horses\/huf-pick-hufauskratzer\/"]}]},{"@type":"ImageObject","inLanguage":"en-US","@id":"https:\/\/kerbex-shop.de\/en\/shop-insect-protection-for-horses\/huf-pick-hufauskratzer\/#primaryimage","url":"https:\/\/kerbex-shop.de\/wp-content\/uploads\/2015\/05\/Hufpick-uebersicht.jpg","contentUrl":"https:\/\/kerbex-shop.de\/wp-content\/uploads\/2015\/05\/Hufpick-uebersicht.jpg","width":500,"height":500,"caption":"Hufauskratzer f\u00fcr Pferde - Pferdepflege- Hufpflege, Hufpicks. Ein Produkt der L\u00fcnepferd GmbH"},{"@type":"BreadcrumbList","@id":"https:\/\/kerbex-shop.de\/en\/shop-insect-protection-for-horses\/huf-pick-hufauskratzer\/#breadcrumb","itemListElement":[{"@type":"ListItem","position":1,"name":"Home","item":"https:\/\/kerbex-shop.de\/en\/"},{"@type":"ListItem","position":2,"name":"Shop","item":"https:\/\/kerbex-shop.de\/en\/shop\/"},{"@type":"ListItem","position":3,"name":"Hoof Pick"}]},{"@type":"WebSite","@id":"https:\/\/kerbex-shop.de\/en\/#website","url":"https:\/\/kerbex-shop.de\/en\/","name":"KerbEX Insektenschutz f\u00fcr Pferde","description":"","potentialAction":[{"@type":"SearchAction","target":{"@type":"EntryPoint","urlTemplate":"https:\/\/kerbex-shop.de\/en\/?s={search_term_string}"},"query-input":{"@type":"PropertyValueSpecification","valueRequired":true,"valueName":"search_term_string"}}],"inLanguage":"en-US"}]}},"_links":{"self":[{"href":"https:\/\/kerbex-shop.de\/en\/wp-json\/wp\/v2\/product\/4029","targetHints":{"allow":["GET"]}}],"collection":[{"href":"https:\/\/kerbex-shop.de\/en\/wp-json\/wp\/v2\/product"}],"about":[{"href":"https:\/\/kerbex-shop.de\/en\/wp-json\/wp\/v2\/types\/product"}],"wp:featuredmedia":[{"embeddable":true,"href":"https:\/\/kerbex-shop.de\/en\/wp-json\/wp\/v2\/media\/4016"}],"wp:attachment":[{"href":"https:\/\/kerbex-shop.de\/en\/wp-json\/wp\/v2\/media?parent=4029"}],"wp:term":[{"taxonomy":"product_brand","embeddable":true,"href":"https:\/\/kerbex-shop.de\/en\/wp-json\/wp\/v2\/product_brand?post=4029"},{"taxonomy":"product_cat","embeddable":true,"href":"https:\/\/kerbex-shop.de\/en\/wp-json\/wp\/v2\/product_cat?post=4029"},{"taxonomy":"product_tag","embeddable":true,"href":"https:\/\/kerbex-shop.de\/en\/wp-json\/wp\/v2\/product_tag?post=4029"}],"curies":[{"name":"wp","href":"https:\/\/api.w.org\/{rel}","templated":true}]}}