{"id":8968,"date":"2022-01-13T15:48:30","date_gmt":"2022-01-13T14:48:30","guid":{"rendered":"https:\/\/kerbex-shop.de\/shop-pferde-insektenschutz\/insektenschutz-reiter-menschen\/"},"modified":"2024-07-03T10:45:54","modified_gmt":"2024-07-03T08:45:54","slug":"insect-repellent-for-riders","status":"publish","type":"product","link":"https:\/\/kerbex-shop.de\/en\/shop-insect-protection-for-horses\/insect-repellent-for-riders\/","title":{"rendered":"KerbEX insect repellent for riders"},"content":{"rendered":"<h2><span style=\"color: #ff0000;\">Kerb<\/span>EX insect repellent for riders<\/h2>\n<p>KerbEX insect repellent for the rider protects you from ticks and mosquitoes during your ride.<\/p>\n<p>&nbsp;<\/p>\n<p>Directions for use:<br \/>\nSpray insect repellent evenly onto all areas of skin to be protected and then rub in with your hands without leaving any gaps.<br \/>\nWe recommend using approx. 6-7 sprays\/~1ml for the area of a forearm, for example. For facial application, spray directly into the palm of the hand and spread sparingly over the face, avoiding the eyes and mouth area. If the effect wears off, reapply as directed.<br \/>\nProtects against ticks for up to 4 hours and mosquitoes for up to 7 hours.<\/p>\n<p>&nbsp;<\/p>\n","protected":false},"excerpt":{"rendered":"<p><span class=\"--l --r sentence_highlight\">Incl. spray head | Content: 0.1 liter<\/span><\/p>\n<p><span class=\"--l --r sentence_highlight\">KerbEX insect repellent spray, for humans, for external use.<\/span><\/p>\n","protected":false},"featured_media":8957,"template":"","meta":{"site-sidebar-layout":"default","site-content-layout":"default","ast-site-content-layout":"default","site-content-style":"default","site-sidebar-style":"default","ast-global-header-display":"","ast-banner-title-visibility":"","ast-main-header-display":"","ast-hfb-above-header-display":"","ast-hfb-below-header-display":"","ast-hfb-mobile-header-display":"","site-post-title":"","ast-breadcrumbs-content":"","ast-featured-img":"","footer-sml-layout":"","ast-disable-related-posts":"","theme-transparent-header-meta":"default","adv-header-id-meta":"","stick-header-meta":"","header-above-stick-meta":"","header-main-stick-meta":"","header-below-stick-meta":"","astra-migrate-meta-layouts":"set","ast-page-background-enabled":"default","ast-page-background-meta":{"desktop":{"background-color":"","background-image":"","background-repeat":"repeat","background-position":"center center","background-size":"auto","background-attachment":"scroll","background-type":"","background-media":"","overlay-type":"","overlay-color":"","overlay-opacity":"","overlay-gradient":""},"tablet":{"background-color":"","background-image":"","background-repeat":"repeat","background-position":"center center","background-size":"auto","background-attachment":"scroll","background-type":"","background-media":"","overlay-type":"","overlay-color":"","overlay-opacity":"","overlay-gradient":""},"mobile":{"background-color":"","background-image":"","background-repeat":"repeat","background-position":"center center","background-size":"auto","background-attachment":"scroll","background-type":"","background-media":"","overlay-type":"","overlay-color":"","overlay-opacity":"","overlay-gradient":""}},"ast-content-background-meta":{"desktop":{"background-color":"var(--ast-global-color-5)","background-image":"","background-repeat":"repeat","background-position":"center center","background-size":"auto","background-attachment":"scroll","background-type":"","background-media":"","overlay-type":"","overlay-color":"","overlay-opacity":"","overlay-gradient":""},"tablet":{"background-color":"var(--ast-global-color-5)","background-image":"","background-repeat":"repeat","background-position":"center center","background-size":"auto","background-attachment":"scroll","background-type":"","background-media":"","overlay-type":"","overlay-color":"","overlay-opacity":"","overlay-gradient":""},"mobile":{"background-color":"var(--ast-global-color-5)","background-image":"","background-repeat":"repeat","background-position":"center center","background-size":"auto","background-attachment":"scroll","background-type":"","background-media":"","overlay-type":"","overlay-color":"","overlay-opacity":"","overlay-gradient":""}}},"product_brand":[],"product_cat":[98,35,99],"product_tag":[],"class_list":{"0":"post-8968","1":"product","2":"type-product","3":"status-publish","4":"has-post-thumbnail","6":"product_cat-for-riders","7":"product_cat-insect-protection-horses-en","8":"product_cat-weitere-produkte-en","9":"desktop-align-left","10":"tablet-align-center","11":"mobile-align-center","12":"ast-product-gallery-layout-horizontal","13":"ast-product-gallery-with-no-image","14":"ast-product-tabs-layout-vertical","15":"ast-qv-on-image","17":"first","18":"instock","19":"featured","20":"taxable","21":"shipping-taxable","22":"purchasable","23":"product-type-simple"},"yoast_head":"<!-- This site is optimized with the Yoast SEO plugin v27.2 - https:\/\/yoast.com\/product\/yoast-seo-wordpress\/ -->\n<title>KerbEX Insektenschutz f\u00fcr Reiter - Spray - Gegen Zecken und M\u00fccken<\/title>\n<meta name=\"description\" content=\"Insektenschutz Spray f\u00fcr Reiter. Sch\u00fctzt Sie gegen Zecken und M\u00fccken. Zur a\u0308u\u00dferlichen Anwendung gegen Bremsen, Mu\u0308cken, Fliegen und Zecken vor. Wirkung tritt sofort ein\" \/>\n<meta name=\"robots\" content=\"index, follow, max-snippet:-1, max-image-preview:large, max-video-preview:-1\" \/>\n<link rel=\"canonical\" href=\"https:\/\/kerbex-shop.de\/en\/shop-insect-protection-for-horses\/insect-repellent-for-riders\/\" \/>\n<meta property=\"og:locale\" content=\"en_US\" \/>\n<meta property=\"og:type\" content=\"article\" \/>\n<meta property=\"og:title\" content=\"KerbEX Insektenschutz f\u00fcr Reiter - Spray - Gegen Zecken und M\u00fccken\" \/>\n<meta property=\"og:description\" content=\"Insektenschutz Spray f\u00fcr Reiter. Sch\u00fctzt Sie gegen Zecken und M\u00fccken. Zur a\u0308u\u00dferlichen Anwendung gegen Bremsen, Mu\u0308cken, Fliegen und Zecken vor. Wirkung tritt sofort ein\" \/>\n<meta property=\"og:url\" content=\"https:\/\/kerbex-shop.de\/en\/shop-insect-protection-for-horses\/insect-repellent-for-riders\/\" \/>\n<meta property=\"og:site_name\" content=\"KerbEX Insektenschutz f\u00fcr Pferde\" \/>\n<meta property=\"article:modified_time\" content=\"2024-07-03T08:45:54+00:00\" \/>\n<meta property=\"og:image\" content=\"https:\/\/kerbex-shop.de\/wp-content\/uploads\/2022\/04\/Kerbex-Flasche-Reiter2022.jpg\" \/>\n\t<meta property=\"og:image:width\" content=\"1500\" \/>\n\t<meta property=\"og:image:height\" content=\"1500\" \/>\n\t<meta property=\"og:image:type\" content=\"image\/jpeg\" \/>\n<meta name=\"twitter:label1\" content=\"Est. reading time\" \/>\n\t<meta name=\"twitter:data1\" content=\"1 minute\" \/>\n<script type=\"application\/ld+json\" class=\"yoast-schema-graph\">{\"@context\":\"https:\/\/schema.org\",\"@graph\":[{\"@type\":\"WebPage\",\"@id\":\"https:\/\/kerbex-shop.de\/en\/shop-insect-protection-for-horses\/insect-repellent-for-riders\/\",\"url\":\"https:\/\/kerbex-shop.de\/en\/shop-insect-protection-for-horses\/insect-repellent-for-riders\/\",\"name\":\"KerbEX Insektenschutz f\u00fcr Reiter - Spray - Gegen Zecken und M\u00fccken\",\"isPartOf\":{\"@id\":\"https:\/\/kerbex-shop.de\/en\/#website\"},\"primaryImageOfPage\":{\"@id\":\"https:\/\/kerbex-shop.de\/en\/shop-insect-protection-for-horses\/insect-repellent-for-riders\/#primaryimage\"},\"image\":{\"@id\":\"https:\/\/kerbex-shop.de\/en\/shop-insect-protection-for-horses\/insect-repellent-for-riders\/#primaryimage\"},\"thumbnailUrl\":\"https:\/\/kerbex-shop.de\/wp-content\/uploads\/2022\/04\/Kerbex-Flasche-Reiter2022.jpg\",\"datePublished\":\"2022-01-13T14:48:30+00:00\",\"dateModified\":\"2024-07-03T08:45:54+00:00\",\"description\":\"Insektenschutz Spray f\u00fcr Reiter. Sch\u00fctzt Sie gegen Zecken und M\u00fccken. Zur a\u0308u\u00dferlichen Anwendung gegen Bremsen, Mu\u0308cken, Fliegen und Zecken vor. Wirkung tritt sofort ein\",\"breadcrumb\":{\"@id\":\"https:\/\/kerbex-shop.de\/en\/shop-insect-protection-for-horses\/insect-repellent-for-riders\/#breadcrumb\"},\"inLanguage\":\"en-US\",\"potentialAction\":[{\"@type\":\"ReadAction\",\"target\":[\"https:\/\/kerbex-shop.de\/en\/shop-insect-protection-for-horses\/insect-repellent-for-riders\/\"]}]},{\"@type\":\"ImageObject\",\"inLanguage\":\"en-US\",\"@id\":\"https:\/\/kerbex-shop.de\/en\/shop-insect-protection-for-horses\/insect-repellent-for-riders\/#primaryimage\",\"url\":\"https:\/\/kerbex-shop.de\/wp-content\/uploads\/2022\/04\/Kerbex-Flasche-Reiter2022.jpg\",\"contentUrl\":\"https:\/\/kerbex-shop.de\/wp-content\/uploads\/2022\/04\/Kerbex-Flasche-Reiter2022.jpg\",\"width\":1500,\"height\":1500,\"caption\":\"KerbEX M\u00fcckenspray f\u00fcr Reiter: Gegen Zecken und M\u00fccken\"},{\"@type\":\"BreadcrumbList\",\"@id\":\"https:\/\/kerbex-shop.de\/en\/shop-insect-protection-for-horses\/insect-repellent-for-riders\/#breadcrumb\",\"itemListElement\":[{\"@type\":\"ListItem\",\"position\":1,\"name\":\"Home\",\"item\":\"https:\/\/kerbex-shop.de\/en\/\"},{\"@type\":\"ListItem\",\"position\":2,\"name\":\"Shop\",\"item\":\"https:\/\/kerbex-shop.de\/en\/shop\/\"},{\"@type\":\"ListItem\",\"position\":3,\"name\":\"KerbEX insect repellent for riders\"}]},{\"@type\":\"WebSite\",\"@id\":\"https:\/\/kerbex-shop.de\/en\/#website\",\"url\":\"https:\/\/kerbex-shop.de\/en\/\",\"name\":\"KerbEX Insektenschutz f\u00fcr Pferde\",\"description\":\"\",\"potentialAction\":[{\"@type\":\"SearchAction\",\"target\":{\"@type\":\"EntryPoint\",\"urlTemplate\":\"https:\/\/kerbex-shop.de\/en\/?s={search_term_string}\"},\"query-input\":{\"@type\":\"PropertyValueSpecification\",\"valueRequired\":true,\"valueName\":\"search_term_string\"}}],\"inLanguage\":\"en-US\"}]}<\/script>\n<!-- \/ Yoast SEO plugin. -->","yoast_head_json":{"title":"KerbEX Insektenschutz f\u00fcr Reiter - Spray - Gegen Zecken und M\u00fccken","description":"Insektenschutz Spray f\u00fcr Reiter. Sch\u00fctzt Sie gegen Zecken und M\u00fccken. Zur a\u0308u\u00dferlichen Anwendung gegen Bremsen, Mu\u0308cken, Fliegen und Zecken vor. Wirkung tritt sofort ein","robots":{"index":"index","follow":"follow","max-snippet":"max-snippet:-1","max-image-preview":"max-image-preview:large","max-video-preview":"max-video-preview:-1"},"canonical":"https:\/\/kerbex-shop.de\/en\/shop-insect-protection-for-horses\/insect-repellent-for-riders\/","og_locale":"en_US","og_type":"article","og_title":"KerbEX Insektenschutz f\u00fcr Reiter - Spray - Gegen Zecken und M\u00fccken","og_description":"Insektenschutz Spray f\u00fcr Reiter. Sch\u00fctzt Sie gegen Zecken und M\u00fccken. Zur a\u0308u\u00dferlichen Anwendung gegen Bremsen, Mu\u0308cken, Fliegen und Zecken vor. Wirkung tritt sofort ein","og_url":"https:\/\/kerbex-shop.de\/en\/shop-insect-protection-for-horses\/insect-repellent-for-riders\/","og_site_name":"KerbEX Insektenschutz f\u00fcr Pferde","article_modified_time":"2024-07-03T08:45:54+00:00","og_image":[{"width":1500,"height":1500,"url":"https:\/\/kerbex-shop.de\/wp-content\/uploads\/2022\/04\/Kerbex-Flasche-Reiter2022.jpg","type":"image\/jpeg"}],"twitter_misc":{"Est. reading time":"1 minute"},"schema":{"@context":"https:\/\/schema.org","@graph":[{"@type":"WebPage","@id":"https:\/\/kerbex-shop.de\/en\/shop-insect-protection-for-horses\/insect-repellent-for-riders\/","url":"https:\/\/kerbex-shop.de\/en\/shop-insect-protection-for-horses\/insect-repellent-for-riders\/","name":"KerbEX Insektenschutz f\u00fcr Reiter - Spray - Gegen Zecken und M\u00fccken","isPartOf":{"@id":"https:\/\/kerbex-shop.de\/en\/#website"},"primaryImageOfPage":{"@id":"https:\/\/kerbex-shop.de\/en\/shop-insect-protection-for-horses\/insect-repellent-for-riders\/#primaryimage"},"image":{"@id":"https:\/\/kerbex-shop.de\/en\/shop-insect-protection-for-horses\/insect-repellent-for-riders\/#primaryimage"},"thumbnailUrl":"https:\/\/kerbex-shop.de\/wp-content\/uploads\/2022\/04\/Kerbex-Flasche-Reiter2022.jpg","datePublished":"2022-01-13T14:48:30+00:00","dateModified":"2024-07-03T08:45:54+00:00","description":"Insektenschutz Spray f\u00fcr Reiter. Sch\u00fctzt Sie gegen Zecken und M\u00fccken. Zur a\u0308u\u00dferlichen Anwendung gegen Bremsen, Mu\u0308cken, Fliegen und Zecken vor. Wirkung tritt sofort ein","breadcrumb":{"@id":"https:\/\/kerbex-shop.de\/en\/shop-insect-protection-for-horses\/insect-repellent-for-riders\/#breadcrumb"},"inLanguage":"en-US","potentialAction":[{"@type":"ReadAction","target":["https:\/\/kerbex-shop.de\/en\/shop-insect-protection-for-horses\/insect-repellent-for-riders\/"]}]},{"@type":"ImageObject","inLanguage":"en-US","@id":"https:\/\/kerbex-shop.de\/en\/shop-insect-protection-for-horses\/insect-repellent-for-riders\/#primaryimage","url":"https:\/\/kerbex-shop.de\/wp-content\/uploads\/2022\/04\/Kerbex-Flasche-Reiter2022.jpg","contentUrl":"https:\/\/kerbex-shop.de\/wp-content\/uploads\/2022\/04\/Kerbex-Flasche-Reiter2022.jpg","width":1500,"height":1500,"caption":"KerbEX M\u00fcckenspray f\u00fcr Reiter: Gegen Zecken und M\u00fccken"},{"@type":"BreadcrumbList","@id":"https:\/\/kerbex-shop.de\/en\/shop-insect-protection-for-horses\/insect-repellent-for-riders\/#breadcrumb","itemListElement":[{"@type":"ListItem","position":1,"name":"Home","item":"https:\/\/kerbex-shop.de\/en\/"},{"@type":"ListItem","position":2,"name":"Shop","item":"https:\/\/kerbex-shop.de\/en\/shop\/"},{"@type":"ListItem","position":3,"name":"KerbEX insect repellent for riders"}]},{"@type":"WebSite","@id":"https:\/\/kerbex-shop.de\/en\/#website","url":"https:\/\/kerbex-shop.de\/en\/","name":"KerbEX Insektenschutz f\u00fcr Pferde","description":"","potentialAction":[{"@type":"SearchAction","target":{"@type":"EntryPoint","urlTemplate":"https:\/\/kerbex-shop.de\/en\/?s={search_term_string}"},"query-input":{"@type":"PropertyValueSpecification","valueRequired":true,"valueName":"search_term_string"}}],"inLanguage":"en-US"}]}},"_links":{"self":[{"href":"https:\/\/kerbex-shop.de\/en\/wp-json\/wp\/v2\/product\/8968","targetHints":{"allow":["GET"]}}],"collection":[{"href":"https:\/\/kerbex-shop.de\/en\/wp-json\/wp\/v2\/product"}],"about":[{"href":"https:\/\/kerbex-shop.de\/en\/wp-json\/wp\/v2\/types\/product"}],"wp:featuredmedia":[{"embeddable":true,"href":"https:\/\/kerbex-shop.de\/en\/wp-json\/wp\/v2\/media\/8957"}],"wp:attachment":[{"href":"https:\/\/kerbex-shop.de\/en\/wp-json\/wp\/v2\/media?parent=8968"}],"wp:term":[{"taxonomy":"product_brand","embeddable":true,"href":"https:\/\/kerbex-shop.de\/en\/wp-json\/wp\/v2\/product_brand?post=8968"},{"taxonomy":"product_cat","embeddable":true,"href":"https:\/\/kerbex-shop.de\/en\/wp-json\/wp\/v2\/product_cat?post=8968"},{"taxonomy":"product_tag","embeddable":true,"href":"https:\/\/kerbex-shop.de\/en\/wp-json\/wp\/v2\/product_tag?post=8968"}],"curies":[{"name":"wp","href":"https:\/\/api.w.org\/{rel}","templated":true}]}}